{"id":1095,"date":"2026-03-29T03:59:09","date_gmt":"2026-03-29T03:59:09","guid":{"rendered":"https:\/\/iheartvallarta.com\/product\/miembro-fundador\/"},"modified":"2026-04-10T11:02:58","modified_gmt":"2026-04-10T11:02:58","slug":"miembro-fundador","status":"publish","type":"product","link":"https:\/\/iheartvallarta.com\/es\/producto\/miembro-fundador\/","title":{"rendered":"Miembro Fundador"},"content":{"rendered":"<div class=\"elementor-element elementor-element-652ce3b elementor-widget elementor-widget-merimag-heading\" data-id=\"652ce3b\" data-element_type=\"widget\" data-e-type=\"widget\" data-widget_type=\"merimag-heading.default\">\n<div class=\"elementor-widget-container\">\n<div id=\"merimag-element-652ce3b\" class=\"merimag-shortcode-container merimag-heading-shortcode \">\n<h2 class=\"merimag-heading-title h1-title\">S\u00e9 quien conoce los mejores sitios y obtiene las ventajas.<\/h2>\n<\/div>\n<\/div>\n<\/div>\n<div class=\"elementor-element elementor-element-00bddb4 elementor-widget elementor-widget-text-editor\" data-id=\"00bddb4\" data-element_type=\"widget\" data-e-type=\"widget\" data-widget_type=\"text-editor.default\">\n<p>\u00danete como miembro fundador y desbloquea ofertas exclusivas de un grupo creciente de negocios de confianza en Vallarta.<\/p>\n<\/div>\n","protected":false},"excerpt":{"rendered":"<p><strong><span style=\"color: #ff6600;\">Solo por tiempo limitado<\/span> consigue 12 meses de membres\u00eda en I HEART VALLARTA por solo 500 MXN<\/strong>.<br \/>\nPor favor selecciona la opci\u00f3n seg\u00fan tu estancia en Puerto Vallarta:<\/p>\n<ul>\n<li><strong>Tiempo Completo<\/strong> si vives aqu\u00ed todo el a\u00f1o<\/li>\n<li><strong>Snow Bird<\/strong> si visitas principalmente en invierno<\/li>\n<li>o <strong>Solo de Visita<\/strong> si est\u00e1s aqu\u00ed por menos de un mes.<\/li>\n<\/ul>\n","protected":false},"featured_media":980,"comment_status":"open","ping_status":"closed","template":"","meta":{"_monsterinsights_skip_tracking":false,"_monsterinsights_sitenote_active":false,"_monsterinsights_sitenote_note":"","_monsterinsights_sitenote_category":0},"product_brand":[],"product_cat":[349],"product_tag":[350],"class_list":{"0":"post-1095","1":"product","2":"type-product","3":"status-publish","4":"has-post-thumbnail","6":"product_cat-membresia","7":"product_tag-membresia","9":"first","10":"instock","11":"sale","12":"virtual","13":"taxable","14":"purchasable","15":"product-type-simple"},"yoast_head":"<!-- This site is optimized with the Yoast SEO plugin v27.4 - https:\/\/yoast.com\/product\/yoast-seo-wordpress\/ -->\n<title>Miembro Fundador - iheartvallarta<\/title>\n<meta name=\"robots\" content=\"index, follow, max-snippet:-1, max-image-preview:large, max-video-preview:-1\" \/>\n<link rel=\"canonical\" href=\"https:\/\/iheartvallarta.com\/es\/producto\/miembro-fundador\/\" \/>\n<meta property=\"og:locale\" content=\"es_ES\" \/>\n<meta property=\"og:type\" content=\"article\" \/>\n<meta property=\"og:title\" content=\"Miembro Fundador - iheartvallarta\" \/>\n<meta property=\"og:description\" content=\"Solo por tiempo limitado consigue 12 meses de membres\u00eda en I HEART VALLARTA por solo 500 MXN. Por favor selecciona la opci\u00f3n seg\u00fan tu estancia en Puerto Vallarta:  Tiempo Completo si vives aqu\u00ed todo el a\u00f1o  Snow Bird si visitas principalmente en invierno  o Solo de Visita si est\u00e1s aqu\u00ed por menos de un mes.\" \/>\n<meta property=\"og:url\" content=\"https:\/\/iheartvallarta.com\/es\/producto\/miembro-fundador\/\" \/>\n<meta property=\"og:site_name\" content=\"iheartvallarta\" \/>\n<meta property=\"article:publisher\" content=\"https:\/\/www.facebook.com\/i.heart.vallarta\" \/>\n<meta property=\"article:modified_time\" content=\"2026-04-10T11:02:58+00:00\" \/>\n<meta property=\"og:image\" content=\"https:\/\/iheartvallarta.com\/wp-content\/uploads\/2026\/03\/membership-image-copy-e1775431925217.jpg\" \/>\n\t<meta property=\"og:image:width\" content=\"1000\" \/>\n\t<meta property=\"og:image:height\" content=\"1000\" \/>\n\t<meta property=\"og:image:type\" content=\"image\/jpeg\" \/>\n<meta name=\"twitter:card\" content=\"summary_large_image\" \/>\n<script type=\"application\/ld+json\" class=\"yoast-schema-graph\">{\"@context\":\"https:\\\/\\\/schema.org\",\"@graph\":[{\"@type\":\"WebPage\",\"@id\":\"https:\\\/\\\/iheartvallarta.com\\\/es\\\/producto\\\/miembro-fundador\\\/\",\"url\":\"https:\\\/\\\/iheartvallarta.com\\\/es\\\/producto\\\/miembro-fundador\\\/\",\"name\":\"Miembro Fundador - iheartvallarta\",\"isPartOf\":{\"@id\":\"https:\\\/\\\/iheartvallarta.com\\\/es\\\/#website\"},\"primaryImageOfPage\":{\"@id\":\"https:\\\/\\\/iheartvallarta.com\\\/es\\\/producto\\\/miembro-fundador\\\/#primaryimage\"},\"image\":{\"@id\":\"https:\\\/\\\/iheartvallarta.com\\\/es\\\/producto\\\/miembro-fundador\\\/#primaryimage\"},\"thumbnailUrl\":\"https:\\\/\\\/iheartvallarta.com\\\/wp-content\\\/uploads\\\/2026\\\/03\\\/membership-image-copy-e1775431925217.jpg\",\"datePublished\":\"2026-03-29T03:59:09+00:00\",\"dateModified\":\"2026-04-10T11:02:58+00:00\",\"breadcrumb\":{\"@id\":\"https:\\\/\\\/iheartvallarta.com\\\/es\\\/producto\\\/miembro-fundador\\\/#breadcrumb\"},\"inLanguage\":\"es\",\"potentialAction\":[{\"@type\":\"ReadAction\",\"target\":[\"https:\\\/\\\/iheartvallarta.com\\\/es\\\/producto\\\/miembro-fundador\\\/\"]}]},{\"@type\":\"ImageObject\",\"inLanguage\":\"es\",\"@id\":\"https:\\\/\\\/iheartvallarta.com\\\/es\\\/producto\\\/miembro-fundador\\\/#primaryimage\",\"url\":\"https:\\\/\\\/iheartvallarta.com\\\/wp-content\\\/uploads\\\/2026\\\/03\\\/membership-image-copy-e1775431925217.jpg\",\"contentUrl\":\"https:\\\/\\\/iheartvallarta.com\\\/wp-content\\\/uploads\\\/2026\\\/03\\\/membership-image-copy-e1775431925217.jpg\",\"width\":1000,\"height\":1000},{\"@type\":\"BreadcrumbList\",\"@id\":\"https:\\\/\\\/iheartvallarta.com\\\/es\\\/producto\\\/miembro-fundador\\\/#breadcrumb\",\"itemListElement\":[{\"@type\":\"ListItem\",\"position\":1,\"name\":\"Home\",\"item\":\"https:\\\/\\\/iheartvallarta.com\\\/es\\\/\"},{\"@type\":\"ListItem\",\"position\":2,\"name\":\"Tienda\",\"item\":\"https:\\\/\\\/iheartvallarta.com\\\/es\\\/tienda\\\/\"},{\"@type\":\"ListItem\",\"position\":3,\"name\":\"Miembro Fundador\"}]},{\"@type\":\"WebSite\",\"@id\":\"https:\\\/\\\/iheartvallarta.com\\\/es\\\/#website\",\"url\":\"https:\\\/\\\/iheartvallarta.com\\\/es\\\/\",\"name\":\"iheartvallarta\",\"description\":\"El centro m\u00e1s cordial para el arte y la cultura en Puerto Vallarta, M\u00e9xico\",\"publisher\":{\"@id\":\"https:\\\/\\\/iheartvallarta.com\\\/es\\\/#organization\"},\"potentialAction\":[{\"@type\":\"SearchAction\",\"target\":{\"@type\":\"EntryPoint\",\"urlTemplate\":\"https:\\\/\\\/iheartvallarta.com\\\/es\\\/?s={search_term_string}\"},\"query-input\":{\"@type\":\"PropertyValueSpecification\",\"valueRequired\":true,\"valueName\":\"search_term_string\"}}],\"inLanguage\":\"es\"},{\"@type\":\"Organization\",\"@id\":\"https:\\\/\\\/iheartvallarta.com\\\/es\\\/#organization\",\"name\":\"iheartvallarta\",\"url\":\"https:\\\/\\\/iheartvallarta.com\\\/es\\\/\",\"logo\":{\"@type\":\"ImageObject\",\"inLanguage\":\"es\",\"@id\":\"https:\\\/\\\/iheartvallarta.com\\\/es\\\/#\\\/schema\\\/logo\\\/image\\\/\",\"url\":\"https:\\\/\\\/iheartvallarta.com\\\/wp-content\\\/uploads\\\/2025\\\/08\\\/I-Heart-Vallarta-LOGO-written2.png\",\"contentUrl\":\"https:\\\/\\\/iheartvallarta.com\\\/wp-content\\\/uploads\\\/2025\\\/08\\\/I-Heart-Vallarta-LOGO-written2.png\",\"width\":1887,\"height\":295,\"caption\":\"iheartvallarta\"},\"image\":{\"@id\":\"https:\\\/\\\/iheartvallarta.com\\\/es\\\/#\\\/schema\\\/logo\\\/image\\\/\"},\"sameAs\":[\"https:\\\/\\\/www.facebook.com\\\/i.heart.vallarta\",\"https:\\\/\\\/www.instagram.com\\\/i.heart.vallarta\",\"https:\\\/\\\/www.tiktok.com\\\/@i.heart.vallarta\",\"https:\\\/\\\/www.youtube.com\\\/@i.heart.vallarta\"]}]}<\/script>\n<!-- \/ Yoast SEO plugin. -->","yoast_head_json":{"title":"Miembro Fundador - iheartvallarta","robots":{"index":"index","follow":"follow","max-snippet":"max-snippet:-1","max-image-preview":"max-image-preview:large","max-video-preview":"max-video-preview:-1"},"canonical":"https:\/\/iheartvallarta.com\/es\/producto\/miembro-fundador\/","og_locale":"es_ES","og_type":"article","og_title":"Miembro Fundador - iheartvallarta","og_description":"Solo por tiempo limitado consigue 12 meses de membres\u00eda en I HEART VALLARTA por solo 500 MXN. Por favor selecciona la opci\u00f3n seg\u00fan tu estancia en Puerto Vallarta:  Tiempo Completo si vives aqu\u00ed todo el a\u00f1o  Snow Bird si visitas principalmente en invierno  o Solo de Visita si est\u00e1s aqu\u00ed por menos de un mes.","og_url":"https:\/\/iheartvallarta.com\/es\/producto\/miembro-fundador\/","og_site_name":"iheartvallarta","article_publisher":"https:\/\/www.facebook.com\/i.heart.vallarta","article_modified_time":"2026-04-10T11:02:58+00:00","og_image":[{"width":1000,"height":1000,"url":"https:\/\/iheartvallarta.com\/wp-content\/uploads\/2026\/03\/membership-image-copy-e1775431925217.jpg","type":"image\/jpeg"}],"twitter_card":"summary_large_image","schema":{"@context":"https:\/\/schema.org","@graph":[{"@type":"WebPage","@id":"https:\/\/iheartvallarta.com\/es\/producto\/miembro-fundador\/","url":"https:\/\/iheartvallarta.com\/es\/producto\/miembro-fundador\/","name":"Miembro Fundador - iheartvallarta","isPartOf":{"@id":"https:\/\/iheartvallarta.com\/es\/#website"},"primaryImageOfPage":{"@id":"https:\/\/iheartvallarta.com\/es\/producto\/miembro-fundador\/#primaryimage"},"image":{"@id":"https:\/\/iheartvallarta.com\/es\/producto\/miembro-fundador\/#primaryimage"},"thumbnailUrl":"https:\/\/iheartvallarta.com\/wp-content\/uploads\/2026\/03\/membership-image-copy-e1775431925217.jpg","datePublished":"2026-03-29T03:59:09+00:00","dateModified":"2026-04-10T11:02:58+00:00","breadcrumb":{"@id":"https:\/\/iheartvallarta.com\/es\/producto\/miembro-fundador\/#breadcrumb"},"inLanguage":"es","potentialAction":[{"@type":"ReadAction","target":["https:\/\/iheartvallarta.com\/es\/producto\/miembro-fundador\/"]}]},{"@type":"ImageObject","inLanguage":"es","@id":"https:\/\/iheartvallarta.com\/es\/producto\/miembro-fundador\/#primaryimage","url":"https:\/\/iheartvallarta.com\/wp-content\/uploads\/2026\/03\/membership-image-copy-e1775431925217.jpg","contentUrl":"https:\/\/iheartvallarta.com\/wp-content\/uploads\/2026\/03\/membership-image-copy-e1775431925217.jpg","width":1000,"height":1000},{"@type":"BreadcrumbList","@id":"https:\/\/iheartvallarta.com\/es\/producto\/miembro-fundador\/#breadcrumb","itemListElement":[{"@type":"ListItem","position":1,"name":"Home","item":"https:\/\/iheartvallarta.com\/es\/"},{"@type":"ListItem","position":2,"name":"Tienda","item":"https:\/\/iheartvallarta.com\/es\/tienda\/"},{"@type":"ListItem","position":3,"name":"Miembro Fundador"}]},{"@type":"WebSite","@id":"https:\/\/iheartvallarta.com\/es\/#website","url":"https:\/\/iheartvallarta.com\/es\/","name":"iheartvallarta","description":"El centro m\u00e1s cordial para el arte y la cultura en Puerto Vallarta, M\u00e9xico","publisher":{"@id":"https:\/\/iheartvallarta.com\/es\/#organization"},"potentialAction":[{"@type":"SearchAction","target":{"@type":"EntryPoint","urlTemplate":"https:\/\/iheartvallarta.com\/es\/?s={search_term_string}"},"query-input":{"@type":"PropertyValueSpecification","valueRequired":true,"valueName":"search_term_string"}}],"inLanguage":"es"},{"@type":"Organization","@id":"https:\/\/iheartvallarta.com\/es\/#organization","name":"iheartvallarta","url":"https:\/\/iheartvallarta.com\/es\/","logo":{"@type":"ImageObject","inLanguage":"es","@id":"https:\/\/iheartvallarta.com\/es\/#\/schema\/logo\/image\/","url":"https:\/\/iheartvallarta.com\/wp-content\/uploads\/2025\/08\/I-Heart-Vallarta-LOGO-written2.png","contentUrl":"https:\/\/iheartvallarta.com\/wp-content\/uploads\/2025\/08\/I-Heart-Vallarta-LOGO-written2.png","width":1887,"height":295,"caption":"iheartvallarta"},"image":{"@id":"https:\/\/iheartvallarta.com\/es\/#\/schema\/logo\/image\/"},"sameAs":["https:\/\/www.facebook.com\/i.heart.vallarta","https:\/\/www.instagram.com\/i.heart.vallarta","https:\/\/www.tiktok.com\/@i.heart.vallarta","https:\/\/www.youtube.com\/@i.heart.vallarta"]}]}},"jetpack_sharing_enabled":true,"_links":{"self":[{"href":"https:\/\/iheartvallarta.com\/es\/wp-json\/wp\/v2\/product\/1095","targetHints":{"allow":["GET"]}}],"collection":[{"href":"https:\/\/iheartvallarta.com\/es\/wp-json\/wp\/v2\/product"}],"about":[{"href":"https:\/\/iheartvallarta.com\/es\/wp-json\/wp\/v2\/types\/product"}],"replies":[{"embeddable":true,"href":"https:\/\/iheartvallarta.com\/es\/wp-json\/wp\/v2\/comments?post=1095"}],"wp:featuredmedia":[{"embeddable":true,"href":"https:\/\/iheartvallarta.com\/es\/wp-json\/wp\/v2\/media\/980"}],"wp:attachment":[{"href":"https:\/\/iheartvallarta.com\/es\/wp-json\/wp\/v2\/media?parent=1095"}],"wp:term":[{"taxonomy":"product_brand","embeddable":true,"href":"https:\/\/iheartvallarta.com\/es\/wp-json\/wp\/v2\/product_brand?post=1095"},{"taxonomy":"product_cat","embeddable":true,"href":"https:\/\/iheartvallarta.com\/es\/wp-json\/wp\/v2\/product_cat?post=1095"},{"taxonomy":"product_tag","embeddable":true,"href":"https:\/\/iheartvallarta.com\/es\/wp-json\/wp\/v2\/product_tag?post=1095"}],"curies":[{"name":"wp","href":"https:\/\/api.w.org\/{rel}","templated":true}]}}